{"id":44,"date":"2024-08-27T00:45:58","date_gmt":"2024-08-27T00:45:58","guid":{"rendered":"https:\/\/tecnoreactivaempresarial.com\/?post_type=product&#038;p=44"},"modified":"2024-12-10T18:42:39","modified_gmt":"2024-12-10T18:42:39","slug":"xerox-altalink-c8170","status":"publish","type":"product","link":"https:\/\/tecnoreactivaempresarial.com\/index.php\/producto\/xerox-altalink-c8170\/","title":{"rendered":"Xerox AltaLink C8170"},"content":{"rendered":"<p>\u00bfQuiere un trabajo bien hecho? AltaLink\u00ae le ayudar\u00e1 a hacer algo m\u00e1s que solo imprimir. Puede automatizar flujos de trabajo de documentos y conectarse a los sistemas que sostienen su empresa, sin problemas. Gracias a la protecci\u00f3n de las funciones de seguridad integral, son aut\u00e9nticos asistentes en el lugar de trabajo que le ayudar\u00e1n a recuperar tiempo para enfocarse en lo que realmente importa.<\/p>\n","protected":false},"excerpt":{"rendered":"<p>Impresora a color<\/p>\n<p>P\u00e1ginas por minuto: 70<\/p>\n<p>Tipo de papel: A3+<\/p>\n<p>Ciclo mensual: 300K<\/p>\n","protected":false},"featured_media":301,"comment_status":"open","ping_status":"closed","template":"","meta":{"_et_pb_use_builder":"","_et_pb_old_content":"","_et_gb_content_width":""},"product_brand":[],"product_cat":[19],"product_tag":[27,41,21,23,24,25],"class_list":{"0":"post-44","1":"product","2":"type-product","3":"status-publish","4":"has-post-thumbnail","6":"product_cat-impresoras-a-color","7":"product_tag-altalink","8":"product_tag-c8170","9":"product_tag-color","10":"product_tag-impresora","11":"product_tag-multifuncion","12":"product_tag-xerox","14":"first","15":"outofstock","16":"sale","17":"taxable","18":"shipping-taxable","19":"purchasable","20":"product-type-simple"},"_links":{"self":[{"href":"https:\/\/tecnoreactivaempresarial.com\/index.php\/wp-json\/wp\/v2\/product\/44","targetHints":{"allow":["GET"]}}],"collection":[{"href":"https:\/\/tecnoreactivaempresarial.com\/index.php\/wp-json\/wp\/v2\/product"}],"about":[{"href":"https:\/\/tecnoreactivaempresarial.com\/index.php\/wp-json\/wp\/v2\/types\/product"}],"replies":[{"embeddable":true,"href":"https:\/\/tecnoreactivaempresarial.com\/index.php\/wp-json\/wp\/v2\/comments?post=44"}],"wp:featuredmedia":[{"embeddable":true,"href":"https:\/\/tecnoreactivaempresarial.com\/index.php\/wp-json\/wp\/v2\/media\/301"}],"wp:attachment":[{"href":"https:\/\/tecnoreactivaempresarial.com\/index.php\/wp-json\/wp\/v2\/media?parent=44"}],"wp:term":[{"taxonomy":"product_brand","embeddable":true,"href":"https:\/\/tecnoreactivaempresarial.com\/index.php\/wp-json\/wp\/v2\/product_brand?post=44"},{"taxonomy":"product_cat","embeddable":true,"href":"https:\/\/tecnoreactivaempresarial.com\/index.php\/wp-json\/wp\/v2\/product_cat?post=44"},{"taxonomy":"product_tag","embeddable":true,"href":"https:\/\/tecnoreactivaempresarial.com\/index.php\/wp-json\/wp\/v2\/product_tag?post=44"}],"curies":[{"name":"wp","href":"https:\/\/api.w.org\/{rel}","templated":true}]}}