{"id":43,"date":"2024-08-27T00:45:58","date_gmt":"2024-08-27T00:45:58","guid":{"rendered":"https:\/\/tecnoreactivaempresarial.com\/?post_type=product&#038;p=43"},"modified":"2025-11-20T21:26:44","modified_gmt":"2025-11-20T21:26:44","slug":"xerox-altalink-c8145-55","status":"publish","type":"product","link":"https:\/\/tecnoreactivaempresarial.com\/index.php\/producto\/xerox-altalink-c8145-55\/","title":{"rendered":"Xerox AltaLink C8135\/45\/55"},"content":{"rendered":"<p>Valores predeterminados de las aplicaciones, Estado bidireccional en tiempo real, Dise\u00f1o de folletos, Impresi\u00f3n protegida cifrada, Retenci\u00f3n de todos los trabajos, Seguridad de im\u00e1genes con la tecnolog\u00eda de detecci\u00f3n por infrarrojos y marca registrada de AltaLink, Identificaci\u00f3n de trabajos, Supervisi\u00f3n de trabajos, Impresi\u00f3n de hojas largas (portadas), Print Around, Impresi\u00f3n desde repositorios en la nube (Dropbox, OneDrive y Google Drive), Impresi\u00f3n desde USB, Impresi\u00f3n en papel alternativo, Escalado, Almacenamiento y recuperaci\u00f3n de configuraciones de controladores, Impresi\u00f3n a dos caras (predeterminada), Configuraciones del controlador Xerox\u00ae Earth Smart; Opcional: Gesti\u00f3n de contenidos Impresi\u00f3n desde y escaneado hacia Xerox\u00ae DocuShare\u00ae Go.<\/p>\n","protected":false},"excerpt":{"rendered":"<p>Impresora a color<\/p>\n<p>P\u00e1ginas por minuto: 45<\/p>\n<p>Tipo de papel: A3+<\/p>\n<p>Ciclo mensual: 200K<\/p>\n<p><a class=\"et_pb_button et_pb_button_0_tb_body et_pb_bg_layout_light\" href=\"https:\/\/tecnoreactivaempresarial.com\/wp-content\/uploads\/2024\/09\/Altalink-C8145.pdf\" target=\"_blank\" rel=\"noopener\">Ver PDF<\/a><\/p>\n","protected":false},"featured_media":294,"comment_status":"open","ping_status":"closed","template":"","meta":{"_et_pb_use_builder":"","_et_pb_old_content":"","_et_gb_content_width":""},"product_brand":[],"product_cat":[19],"product_tag":[27,21,23,24,25],"class_list":{"0":"post-43","1":"product","2":"type-product","3":"status-publish","4":"has-post-thumbnail","6":"product_cat-impresoras-a-color","7":"product_tag-altalink","8":"product_tag-color","9":"product_tag-impresora","10":"product_tag-multifuncion","11":"product_tag-xerox","13":"first","14":"outofstock","15":"sale","16":"taxable","17":"shipping-taxable","18":"purchasable","19":"product-type-variable"},"_links":{"self":[{"href":"https:\/\/tecnoreactivaempresarial.com\/index.php\/wp-json\/wp\/v2\/product\/43","targetHints":{"allow":["GET"]}}],"collection":[{"href":"https:\/\/tecnoreactivaempresarial.com\/index.php\/wp-json\/wp\/v2\/product"}],"about":[{"href":"https:\/\/tecnoreactivaempresarial.com\/index.php\/wp-json\/wp\/v2\/types\/product"}],"replies":[{"embeddable":true,"href":"https:\/\/tecnoreactivaempresarial.com\/index.php\/wp-json\/wp\/v2\/comments?post=43"}],"wp:featuredmedia":[{"embeddable":true,"href":"https:\/\/tecnoreactivaempresarial.com\/index.php\/wp-json\/wp\/v2\/media\/294"}],"wp:attachment":[{"href":"https:\/\/tecnoreactivaempresarial.com\/index.php\/wp-json\/wp\/v2\/media?parent=43"}],"wp:term":[{"taxonomy":"product_brand","embeddable":true,"href":"https:\/\/tecnoreactivaempresarial.com\/index.php\/wp-json\/wp\/v2\/product_brand?post=43"},{"taxonomy":"product_cat","embeddable":true,"href":"https:\/\/tecnoreactivaempresarial.com\/index.php\/wp-json\/wp\/v2\/product_cat?post=43"},{"taxonomy":"product_tag","embeddable":true,"href":"https:\/\/tecnoreactivaempresarial.com\/index.php\/wp-json\/wp\/v2\/product_tag?post=43"}],"curies":[{"name":"wp","href":"https:\/\/api.w.org\/{rel}","templated":true}]}}