{"id":42,"date":"2024-08-27T00:45:58","date_gmt":"2024-08-27T00:45:58","guid":{"rendered":"https:\/\/tecnoreactivaempresarial.com\/?post_type=product&#038;p=42"},"modified":"2024-09-25T18:53:25","modified_gmt":"2024-09-25T18:53:25","slug":"xerox-altalink-c8045-55","status":"publish","type":"product","link":"https:\/\/tecnoreactivaempresarial.com\/index.php\/producto\/xerox-altalink-c8045-55\/","title":{"rendered":"Xerox AltaLink C8045\/55"},"content":{"rendered":"<p>Impresi\u00f3n desde USB, Impresi\u00f3n protegida cifrada, Configuraciones del controlador Xerox\u00ae Earth Smart, Identificaci\u00f3n de trabajos, Creaci\u00f3n de folletos, Almacenamiento y recuperaci\u00f3n de configuraciones del controlador, Estado bidireccional en tiempo real, Escalado, Supervisi\u00f3n de trabajos, Par\u00e1metros preestablecidos de las aplicaciones, Impresi\u00f3n a dos caras (predeterminada) y Cola de retenci\u00f3n de trabajos<\/p>\n","protected":false},"excerpt":{"rendered":"<p>Impresora a color<\/p>\n<p>P\u00e1ginas por minuto: 45<\/p>\n<p>Tipo de papel: A3+<\/p>\n<p>Ciclo mensual: 20K<\/p>\n","protected":false},"featured_media":299,"comment_status":"open","ping_status":"closed","template":"","meta":{"_et_pb_use_builder":"","_et_pb_old_content":"","_et_gb_content_width":""},"product_brand":[],"product_cat":[19],"product_tag":[27,40,21,23,24,25],"class_list":{"0":"post-42","1":"product","2":"type-product","3":"status-publish","4":"has-post-thumbnail","6":"product_cat-impresoras-a-color","7":"product_tag-altalink","8":"product_tag-c8045","9":"product_tag-color","10":"product_tag-impresora","11":"product_tag-multifuncion","12":"product_tag-xerox","14":"first","15":"outofstock","16":"taxable","17":"shipping-taxable","18":"purchasable","19":"product-type-simple"},"_links":{"self":[{"href":"https:\/\/tecnoreactivaempresarial.com\/index.php\/wp-json\/wp\/v2\/product\/42","targetHints":{"allow":["GET"]}}],"collection":[{"href":"https:\/\/tecnoreactivaempresarial.com\/index.php\/wp-json\/wp\/v2\/product"}],"about":[{"href":"https:\/\/tecnoreactivaempresarial.com\/index.php\/wp-json\/wp\/v2\/types\/product"}],"replies":[{"embeddable":true,"href":"https:\/\/tecnoreactivaempresarial.com\/index.php\/wp-json\/wp\/v2\/comments?post=42"}],"wp:featuredmedia":[{"embeddable":true,"href":"https:\/\/tecnoreactivaempresarial.com\/index.php\/wp-json\/wp\/v2\/media\/299"}],"wp:attachment":[{"href":"https:\/\/tecnoreactivaempresarial.com\/index.php\/wp-json\/wp\/v2\/media?parent=42"}],"wp:term":[{"taxonomy":"product_brand","embeddable":true,"href":"https:\/\/tecnoreactivaempresarial.com\/index.php\/wp-json\/wp\/v2\/product_brand?post=42"},{"taxonomy":"product_cat","embeddable":true,"href":"https:\/\/tecnoreactivaempresarial.com\/index.php\/wp-json\/wp\/v2\/product_cat?post=42"},{"taxonomy":"product_tag","embeddable":true,"href":"https:\/\/tecnoreactivaempresarial.com\/index.php\/wp-json\/wp\/v2\/product_tag?post=42"}],"curies":[{"name":"wp","href":"https:\/\/api.w.org\/{rel}","templated":true}]}}