{"id":39,"date":"2024-08-27T00:45:58","date_gmt":"2024-08-27T00:45:58","guid":{"rendered":"https:\/\/tecnoreactivaempresarial.com\/?post_type=product&#038;p=39"},"modified":"2025-05-12T20:00:02","modified_gmt":"2025-05-12T20:00:02","slug":"xerox-workcentre-6655","status":"publish","type":"product","link":"https:\/\/tecnoreactivaempresarial.com\/index.php\/producto\/xerox-workcentre-6655\/","title":{"rendered":"Xerox WorkCentre 6655"},"content":{"rendered":"<p>Impresi\u00f3n desde USB, Ajustes del controlador de impresi\u00f3n EarthSmart, Grabaci\u00f3n y recuperaci\u00f3n de la configuraci\u00f3n del controlador, Estado bidireccional, Impresi\u00f3n a doble cara racional, Impresi\u00f3n a doble cara autom\u00e1tica, Impresi\u00f3n de cuadernillos, Impresi\u00f3n de pruebas, P\u00e1ginas en miniatura, Impresi\u00f3n en espera.<\/p>\n","protected":false},"excerpt":{"rendered":"<p>Impresora a color<\/p>\n<p>P\u00e1ginas por minuto: 36<\/p>\n<p>Tipo de papel: Carta A4<\/p>\n<p>Ciclo mensual: 10K<\/p>\n","protected":false},"featured_media":306,"comment_status":"open","ping_status":"closed","template":"","meta":{"_et_pb_use_builder":"","_et_pb_old_content":"","_et_gb_content_width":""},"product_brand":[],"product_cat":[19],"product_tag":[35,29,23,24,36,25],"class_list":{"0":"post-39","1":"product","2":"type-product","3":"status-publish","4":"has-post-thumbnail","6":"product_cat-impresoras-a-color","7":"product_tag-35","8":"product_tag-blanco-y-negro","9":"product_tag-impresora","10":"product_tag-multifuncion","11":"product_tag-workcentre","12":"product_tag-xerox","14":"first","15":"outofstock","16":"taxable","17":"shipping-taxable","18":"purchasable","19":"product-type-simple"},"_links":{"self":[{"href":"https:\/\/tecnoreactivaempresarial.com\/index.php\/wp-json\/wp\/v2\/product\/39","targetHints":{"allow":["GET"]}}],"collection":[{"href":"https:\/\/tecnoreactivaempresarial.com\/index.php\/wp-json\/wp\/v2\/product"}],"about":[{"href":"https:\/\/tecnoreactivaempresarial.com\/index.php\/wp-json\/wp\/v2\/types\/product"}],"replies":[{"embeddable":true,"href":"https:\/\/tecnoreactivaempresarial.com\/index.php\/wp-json\/wp\/v2\/comments?post=39"}],"wp:featuredmedia":[{"embeddable":true,"href":"https:\/\/tecnoreactivaempresarial.com\/index.php\/wp-json\/wp\/v2\/media\/306"}],"wp:attachment":[{"href":"https:\/\/tecnoreactivaempresarial.com\/index.php\/wp-json\/wp\/v2\/media?parent=39"}],"wp:term":[{"taxonomy":"product_brand","embeddable":true,"href":"https:\/\/tecnoreactivaempresarial.com\/index.php\/wp-json\/wp\/v2\/product_brand?post=39"},{"taxonomy":"product_cat","embeddable":true,"href":"https:\/\/tecnoreactivaempresarial.com\/index.php\/wp-json\/wp\/v2\/product_cat?post=39"},{"taxonomy":"product_tag","embeddable":true,"href":"https:\/\/tecnoreactivaempresarial.com\/index.php\/wp-json\/wp\/v2\/product_tag?post=39"}],"curies":[{"name":"wp","href":"https:\/\/api.w.org\/{rel}","templated":true}]}}