{"id":37,"date":"2024-08-27T00:45:58","date_gmt":"2024-08-27T00:45:58","guid":{"rendered":"https:\/\/tecnoreactivaempresarial.com\/?post_type=product&#038;p=37"},"modified":"2025-08-20T00:13:27","modified_gmt":"2025-08-20T00:13:27","slug":"xerox-altalink-b8145-55","status":"publish","type":"product","link":"https:\/\/tecnoreactivaempresarial.com\/index.php\/producto\/xerox-altalink-b8145-55\/","title":{"rendered":"Xerox AltaLink B8145\/55"},"content":{"rendered":"<p>\u00bfQuiere el trabajo bien hecho? AltaLink\u00ae le permitir\u00e1 realizar muchas otras tareas adem\u00e1s de imprimir. Podr\u00e1 automatizar flujos de trabajo de documentos y conectarse sin problemas con sistemas que mantienen en funcionamiento su negocio. Gracias a la protecci\u00f3n de sus funciones de seguridad integral, con estos aut\u00e9nticos asistentes de trabajo podr\u00e1 dedicar m\u00e1s tiempo a lo que realmente importa.<\/p>\n","protected":false},"excerpt":{"rendered":"<p>Impresora a blanco y negro<\/p>\n<p>P\u00e1ginas por minuto: 45\/55<\/p>\n<p>Tipo de papel: A3+<\/p>\n<p>Ciclo mensual: 200K<\/p>\n<p><a class=\"et_pb_button et_pb_button_0_tb_body et_pb_bg_layout_light\" href=\"https:\/\/tecnoreactivaempresarial.com\/wp-content\/uploads\/2024\/10\/Altalink-b8145-55-70.pdf\" target=\"_blank\" rel=\"noopener\">Ver PDF<\/a><\/p>\n","protected":false},"featured_media":294,"comment_status":"open","ping_status":"closed","template":"","meta":{"_et_pb_use_builder":"","_et_pb_old_content":"","_et_gb_content_width":""},"product_brand":[],"product_cat":[26],"product_tag":[27,33,29,23,24,25],"class_list":{"0":"post-37","1":"product","2":"type-product","3":"status-publish","4":"has-post-thumbnail","6":"product_cat-impresoras-blanco-y-negro","7":"product_tag-altalink","8":"product_tag-b8145","9":"product_tag-blanco-y-negro","10":"product_tag-impresora","11":"product_tag-multifuncion","12":"product_tag-xerox","14":"first","15":"outofstock","16":"sale","17":"taxable","18":"shipping-taxable","19":"purchasable","20":"product-type-variable"},"_links":{"self":[{"href":"https:\/\/tecnoreactivaempresarial.com\/index.php\/wp-json\/wp\/v2\/product\/37","targetHints":{"allow":["GET"]}}],"collection":[{"href":"https:\/\/tecnoreactivaempresarial.com\/index.php\/wp-json\/wp\/v2\/product"}],"about":[{"href":"https:\/\/tecnoreactivaempresarial.com\/index.php\/wp-json\/wp\/v2\/types\/product"}],"replies":[{"embeddable":true,"href":"https:\/\/tecnoreactivaempresarial.com\/index.php\/wp-json\/wp\/v2\/comments?post=37"}],"wp:featuredmedia":[{"embeddable":true,"href":"https:\/\/tecnoreactivaempresarial.com\/index.php\/wp-json\/wp\/v2\/media\/294"}],"wp:attachment":[{"href":"https:\/\/tecnoreactivaempresarial.com\/index.php\/wp-json\/wp\/v2\/media?parent=37"}],"wp:term":[{"taxonomy":"product_brand","embeddable":true,"href":"https:\/\/tecnoreactivaempresarial.com\/index.php\/wp-json\/wp\/v2\/product_brand?post=37"},{"taxonomy":"product_cat","embeddable":true,"href":"https:\/\/tecnoreactivaempresarial.com\/index.php\/wp-json\/wp\/v2\/product_cat?post=37"},{"taxonomy":"product_tag","embeddable":true,"href":"https:\/\/tecnoreactivaempresarial.com\/index.php\/wp-json\/wp\/v2\/product_tag?post=37"}],"curies":[{"name":"wp","href":"https:\/\/api.w.org\/{rel}","templated":true}]}}