{"id":342,"date":"2024-11-11T18:51:34","date_gmt":"2024-11-11T18:51:34","guid":{"rendered":"https:\/\/tecnoreactivaempresarial.com\/?post_type=product&#038;p=342"},"modified":"2025-08-20T00:15:00","modified_gmt":"2025-08-20T00:15:00","slug":"xerox-versalink-c7020","status":"publish","type":"product","link":"https:\/\/tecnoreactivaempresarial.com\/index.php\/producto\/xerox-versalink-c7020\/","title":{"rendered":"Xerox VersaLink C7020"},"content":{"rendered":"<p>Puede automatizar flujos de trabajo de documentos y conectarse a los sistemas que sostienen su empresa, sin problemas. Gracias a la protecci\u00f3n de las funciones de seguridad integral, son aut\u00e9nticos asistentes en el lugar de trabajo que le ayudar\u00e1n a recuperar tiempo para enfocarse en lo que realmente importa.<\/p>\n","protected":false},"excerpt":{"rendered":"<p>Equipo multifuncional a color<\/p>\n<p><a class=\"et_pb_button et_pb_button_0_tb_body et_pb_bg_layout_light\" href=\"https:\/\/tecnoreactivaempresarial.com\/wp-content\/uploads\/2024\/11\/C7020-25-30.pdf\" target=\"_blank\" rel=\"noopener\">Ver PDF<\/a><\/p>\n","protected":false},"featured_media":343,"comment_status":"open","ping_status":"closed","template":"","meta":{"_et_pb_use_builder":"","_et_pb_old_content":"","_et_gb_content_width":""},"product_brand":[],"product_cat":[19],"product_tag":[],"class_list":{"0":"post-342","1":"product","2":"type-product","3":"status-publish","4":"has-post-thumbnail","6":"product_cat-impresoras-a-color","8":"first","9":"outofstock","10":"sale","11":"taxable","12":"shipping-taxable","13":"purchasable","14":"product-type-simple"},"_links":{"self":[{"href":"https:\/\/tecnoreactivaempresarial.com\/index.php\/wp-json\/wp\/v2\/product\/342","targetHints":{"allow":["GET"]}}],"collection":[{"href":"https:\/\/tecnoreactivaempresarial.com\/index.php\/wp-json\/wp\/v2\/product"}],"about":[{"href":"https:\/\/tecnoreactivaempresarial.com\/index.php\/wp-json\/wp\/v2\/types\/product"}],"replies":[{"embeddable":true,"href":"https:\/\/tecnoreactivaempresarial.com\/index.php\/wp-json\/wp\/v2\/comments?post=342"}],"wp:featuredmedia":[{"embeddable":true,"href":"https:\/\/tecnoreactivaempresarial.com\/index.php\/wp-json\/wp\/v2\/media\/343"}],"wp:attachment":[{"href":"https:\/\/tecnoreactivaempresarial.com\/index.php\/wp-json\/wp\/v2\/media?parent=342"}],"wp:term":[{"taxonomy":"product_brand","embeddable":true,"href":"https:\/\/tecnoreactivaempresarial.com\/index.php\/wp-json\/wp\/v2\/product_brand?post=342"},{"taxonomy":"product_cat","embeddable":true,"href":"https:\/\/tecnoreactivaempresarial.com\/index.php\/wp-json\/wp\/v2\/product_cat?post=342"},{"taxonomy":"product_tag","embeddable":true,"href":"https:\/\/tecnoreactivaempresarial.com\/index.php\/wp-json\/wp\/v2\/product_tag?post=342"}],"curies":[{"name":"wp","href":"https:\/\/api.w.org\/{rel}","templated":true}]}}