{"id":34,"date":"2024-08-27T00:45:58","date_gmt":"2024-08-27T00:45:58","guid":{"rendered":"https:\/\/tecnoreactivaempresarial.com\/?post_type=product&#038;p=34"},"modified":"2025-08-20T00:14:05","modified_gmt":"2025-08-20T00:14:05","slug":"xerox-altalink-b8170","status":"publish","type":"product","link":"https:\/\/tecnoreactivaempresarial.com\/index.php\/producto\/xerox-altalink-b8170\/","title":{"rendered":"XEROX AltaLink B8170"},"content":{"rendered":"<p>Impresora Blanco y negro<\/p>\n<p>P\u00e1ginas por minuto: 70<\/p>\n<p>Tipo de papel: A3+<\/p>\n<p>Ciclo mensual: 300K<\/p>\n","protected":false},"excerpt":{"rendered":"<p>\u00bfQuieres el trabajo bien hecho? AltaLink\u00ae le permitir\u00e1 realizar muchas otras tareas adem\u00e1s de imprimir. Podr\u00e1 automatizar flujos de trabajo de documentos y conectarse sin problemas con sistemas que mantienen en funcionamiento su negocio. Gracias a la protecci\u00f3n de sus funciones de seguridad integral, con estos aut\u00e9nticos asistentes de trabajo podr\u00e1 dedicar m\u00e1s tiempo a lo que realmente importa.<\/p>\n<p><a class=\"et_pb_button et_pb_button_0_tb_body et_pb_bg_layout_light\" href=\"https:\/\/tecnoreactivaempresarial.com\/wp-content\/uploads\/2024\/09\/B8145-55-70.pdf\" target=\"_blank\" rel=\"noopener\">Ver PDF<\/a><\/p>\n","protected":false},"featured_media":295,"comment_status":"open","ping_status":"closed","template":"","meta":{"_et_pb_use_builder":"off","_et_pb_old_content":"Impresora Blanco y negro\r\n\r\nP\u00e1ginas por minuto: 70\r\n\r\nTipo de papel: A3+\r\n\r\nCiclo mensual: 300K\r\n<div class=\"et_pb_button_module_wrapper et_pb_button_0_tb_body_wrapper et_pb_button_alignment_left et_pb_module \"><a class=\"et_pb_button et_pb_button_0_tb_body et_pb_bg_layout_light\" href=\"https:\/\/tecnoreactivaempresarial.com\/wp-content\/uploads\/2024\/09\/B8145-55-70.pdf\">Ver PDF<\/a><\/div>","_et_gb_content_width":""},"product_brand":[],"product_cat":[26],"product_tag":[27,28,29,23,25],"class_list":{"0":"post-34","1":"product","2":"type-product","3":"status-publish","4":"has-post-thumbnail","6":"product_cat-impresoras-blanco-y-negro","7":"product_tag-altalink","8":"product_tag-b8170","9":"product_tag-blanco-y-negro","10":"product_tag-impresora","11":"product_tag-xerox","13":"first","14":"outofstock","15":"sale","16":"taxable","17":"shipping-taxable","18":"purchasable","19":"product-type-simple"},"_links":{"self":[{"href":"https:\/\/tecnoreactivaempresarial.com\/index.php\/wp-json\/wp\/v2\/product\/34","targetHints":{"allow":["GET"]}}],"collection":[{"href":"https:\/\/tecnoreactivaempresarial.com\/index.php\/wp-json\/wp\/v2\/product"}],"about":[{"href":"https:\/\/tecnoreactivaempresarial.com\/index.php\/wp-json\/wp\/v2\/types\/product"}],"replies":[{"embeddable":true,"href":"https:\/\/tecnoreactivaempresarial.com\/index.php\/wp-json\/wp\/v2\/comments?post=34"}],"wp:featuredmedia":[{"embeddable":true,"href":"https:\/\/tecnoreactivaempresarial.com\/index.php\/wp-json\/wp\/v2\/media\/295"}],"wp:attachment":[{"href":"https:\/\/tecnoreactivaempresarial.com\/index.php\/wp-json\/wp\/v2\/media?parent=34"}],"wp:term":[{"taxonomy":"product_brand","embeddable":true,"href":"https:\/\/tecnoreactivaempresarial.com\/index.php\/wp-json\/wp\/v2\/product_brand?post=34"},{"taxonomy":"product_cat","embeddable":true,"href":"https:\/\/tecnoreactivaempresarial.com\/index.php\/wp-json\/wp\/v2\/product_cat?post=34"},{"taxonomy":"product_tag","embeddable":true,"href":"https:\/\/tecnoreactivaempresarial.com\/index.php\/wp-json\/wp\/v2\/product_tag?post=34"}],"curies":[{"name":"wp","href":"https:\/\/api.w.org\/{rel}","templated":true}]}}